{"id":108,"date":"2018-11-05T23:37:46","date_gmt":"2018-11-05T22:37:46","guid":{"rendered":"http:\/\/sylvainclement.fr\/newsite\/?page_id=108"},"modified":"2018-11-06T17:44:25","modified_gmt":"2018-11-06T16:44:25","slug":"kayak","status":"publish","type":"page","link":"https:\/\/sylvainclement.fr\/?page_id=108","title":{"rendered":"Kayak"},"content":{"rendered":"\n<p class=\"has-drop-cap\">Depuis Septembre 2017, je me suis mis au Kayak. Il me manquait un peu d&rsquo;activit\u00e9 physique, il y avait un club pas loin de chez moi, j&rsquo;en avais de bons souvenirs de camps d&rsquo;ados dans ma jeunesse et je pensais (et je pense toujours) que cela me permettrais aussi de muscler mon dos et ma ceinture abdominale et ainsi r\u00e9duire un peu mes douleurs dorsales.&nbsp;<br>Mon optique d\u00e8s le d\u00e9part c&rsquo;est la mer ! Mon pass\u00e9 de voileux laisse des traces et l&rsquo;id\u00e9e de longer les c\u00f4tes dans un kayak de mer, \u00eatre au contact de l&rsquo;\u00e9l\u00e9ment marin, de la faune, slalomer entre les cailloux&#8230; Profiter des paysages c\u00f4tiers.. Tout cela me fait r\u00eaver&#8230;.<br><\/p>\n\n\n\n<div class=\"wp-block-image\"><figure class=\"alignleft is-resized\"><img decoding=\"async\" loading=\"lazy\" src=\"http:\/\/sylvainclement.fr\/newsite\/wp-content\/uploads\/2018\/11\/30849157_1891922817519410_1759983006_o.jpg\" alt=\"\" class=\"wp-image-111\" width=\"277\" height=\"207\" srcset=\"https:\/\/sylvainclement.fr\/newsite\/wp-content\/uploads\/2018\/11\/30849157_1891922817519410_1759983006_o.jpg 2000w, https:\/\/sylvainclement.fr\/newsite\/wp-content\/uploads\/2018\/11\/30849157_1891922817519410_1759983006_o-300x225.jpg 300w, https:\/\/sylvainclement.fr\/newsite\/wp-content\/uploads\/2018\/11\/30849157_1891922817519410_1759983006_o-768x576.jpg 768w, https:\/\/sylvainclement.fr\/newsite\/wp-content\/uploads\/2018\/11\/30849157_1891922817519410_1759983006_o-1024x767.jpg 1024w, https:\/\/sylvainclement.fr\/newsite\/wp-content\/uploads\/2018\/11\/30849157_1891922817519410_1759983006_o-945x708.jpg 945w, https:\/\/sylvainclement.fr\/newsite\/wp-content\/uploads\/2018\/11\/30849157_1891922817519410_1759983006_o-600x450.jpg 600w\" sizes=\"(max-width: 277px) 100vw, 277px\" \/><\/figure><\/div>\n\n\n\n<p>Je suis donc membre du<a href=\"https:\/\/www.kayakwasquehal.com\" target=\"_blank\" rel=\"noreferrer noopener\"> Kayak Wasquehal Club<\/a>, club \u00e0 l&rsquo;ambiance familiale orient\u00e9 vers la pratique loisir\/\u00e9cole de pagaie. Le club est plut\u00f4t orient\u00e9 vers l&rsquo;eau vive au niveau de ses sorties. Mais chacun peut y trouver son compte. J&rsquo;ai mordu \u00e0 l&rsquo;hame\u00e7on avec toujours cet objectif de kayak de mer.<\/p>\n\n\n\n<div class=\"wp-block-image\"><figure class=\"alignright is-resized\"><img decoding=\"async\" loading=\"lazy\" src=\"http:\/\/sylvainclement.fr\/newsite\/wp-content\/uploads\/2018\/11\/30850036_1891929724185386_496462898_o.jpg\" alt=\"\" class=\"wp-image-109\" width=\"308\" height=\"230\" srcset=\"https:\/\/sylvainclement.fr\/newsite\/wp-content\/uploads\/2018\/11\/30850036_1891929724185386_496462898_o.jpg 2000w, https:\/\/sylvainclement.fr\/newsite\/wp-content\/uploads\/2018\/11\/30850036_1891929724185386_496462898_o-300x225.jpg 300w, https:\/\/sylvainclement.fr\/newsite\/wp-content\/uploads\/2018\/11\/30850036_1891929724185386_496462898_o-768x576.jpg 768w, https:\/\/sylvainclement.fr\/newsite\/wp-content\/uploads\/2018\/11\/30850036_1891929724185386_496462898_o-1024x767.jpg 1024w, https:\/\/sylvainclement.fr\/newsite\/wp-content\/uploads\/2018\/11\/30850036_1891929724185386_496462898_o-945x708.jpg 945w, https:\/\/sylvainclement.fr\/newsite\/wp-content\/uploads\/2018\/11\/30850036_1891929724185386_496462898_o-600x450.jpg 600w\" sizes=\"(max-width: 308px) 100vw, 308px\" \/><\/figure><\/div>\n\n\n\n<p><br>Pour pratiquer en mer, j&rsquo;ai rejoint le <a href=\"http:\/\/www.gravelines-kayak-vaa.com\" target=\"_blank\" rel=\"noreferrer noopener\">Gravelines Kayak Va&rsquo;a (GKV)<\/a>, club orient\u00e9 vers le kayak de mer et la pirogue traditionnelle (Va&rsquo;a). Comme c&rsquo;est \u00e0 plus d&rsquo;une heure de route de chez moi, je ne participe que ponctuellement aux sorties en mer pour acqu\u00e9rir de l&rsquo;exp\u00e9rience. Ces sorties mon confirm\u00e9 dans mon orientation vers le Kayak de Mer.\u00a0<\/p>\n\n\n\n<div class=\"wp-block-image\"><figure class=\"aligncenter is-resized\"><img decoding=\"async\" loading=\"lazy\" src=\"http:\/\/sylvainclement.fr\/newsite\/wp-content\/uploads\/2018\/11\/2018_07_16_08_49_24_3685-1.jpg\" alt=\"\" class=\"wp-image-110\" width=\"316\" height=\"236\" srcset=\"https:\/\/sylvainclement.fr\/newsite\/wp-content\/uploads\/2018\/11\/2018_07_16_08_49_24_3685-1.jpg 1237w, https:\/\/sylvainclement.fr\/newsite\/wp-content\/uploads\/2018\/11\/2018_07_16_08_49_24_3685-1-300x225.jpg 300w, https:\/\/sylvainclement.fr\/newsite\/wp-content\/uploads\/2018\/11\/2018_07_16_08_49_24_3685-1-768x576.jpg 768w, https:\/\/sylvainclement.fr\/newsite\/wp-content\/uploads\/2018\/11\/2018_07_16_08_49_24_3685-1-1024x767.jpg 1024w, https:\/\/sylvainclement.fr\/newsite\/wp-content\/uploads\/2018\/11\/2018_07_16_08_49_24_3685-1-945x708.jpg 945w, https:\/\/sylvainclement.fr\/newsite\/wp-content\/uploads\/2018\/11\/2018_07_16_08_49_24_3685-1-600x450.jpg 600w\" sizes=\"(max-width: 316px) 100vw, 316px\" \/><\/figure><\/div>\n\n\n\n<p>A ce jour mon objectif est de progresser sur le plan technique et sur la s\u00e9curit\u00e9 afin de devenir de plus en plus autonome dans ma pratique en mer. J&rsquo;en suis loin \u00e0 ce jour, ou mon exp\u00e9rience encore faible en mer ne me permet en autonomie que des sorties \u00e0 la m\u00e9t\u00e9o bienveillantes.Mais cela viendra !&nbsp;<br><\/p>\n\n\n\n<div class=\"wp-block-image\"><figure class=\"aligncenter is-resized\"><img decoding=\"async\" loading=\"lazy\" src=\"http:\/\/sylvainclement.fr\/newsite\/wp-content\/uploads\/2018\/11\/FullSizeRender2-1.jpg\" alt=\"\" class=\"wp-image-112\" width=\"372\" height=\"251\" srcset=\"https:\/\/sylvainclement.fr\/newsite\/wp-content\/uploads\/2018\/11\/FullSizeRender2-1.jpg 3092w, https:\/\/sylvainclement.fr\/newsite\/wp-content\/uploads\/2018\/11\/FullSizeRender2-1-300x203.jpg 300w, https:\/\/sylvainclement.fr\/newsite\/wp-content\/uploads\/2018\/11\/FullSizeRender2-1-768x520.jpg 768w, https:\/\/sylvainclement.fr\/newsite\/wp-content\/uploads\/2018\/11\/FullSizeRender2-1-1024x694.jpg 1024w, https:\/\/sylvainclement.fr\/newsite\/wp-content\/uploads\/2018\/11\/FullSizeRender2-1-945x640.jpg 945w, https:\/\/sylvainclement.fr\/newsite\/wp-content\/uploads\/2018\/11\/FullSizeRender2-1-600x407.jpg 600w\" sizes=\"(max-width: 372px) 100vw, 372px\" \/><\/figure><\/div>\n\n\n\n<h2 class=\"wp-block-heading\">Mon \u00e9quipement<\/h2>\n\n\n\n<p>Mon \u00e9quipement perso \u00e0 ce jour :&nbsp;<\/p>\n\n\n\n<ul><li>Kayak Valley Skerray : 5.18m, cockpit \u00ab\u00a0oc\u00e9an\u00a0\u00bb, plastique (PE), kayak pas ultra rapide sur eau calme mais s\u00e9curisant dans les vagues.<\/li><li>Pagaie traditionnelle (groenlandaise) en carbone INUKSUK (de Kajaksport, 814gr)<\/li><li>Pagaie mer\/rando manche carbone ITWIT X500 (917gr)<\/li><li>Gilet Artistic ORCO Exp : utilisable en rivi\u00e8re et en mer, sangle largable, 75N, poche pour camelback.<\/li><li>VHF \u00e9tanche Standard Horizon HX-300<\/li><\/ul>\n","protected":false},"excerpt":{"rendered":"<p>Depuis Septembre 2017, je me suis mis au Kayak. Il me manquait un peu d&rsquo;activit\u00e9 physique, il y avait un club pas loin de chez moi, j&rsquo;en avais de bons souvenirs de camps d&rsquo;ados dans ma jeunesse et je pensais&#8230; <a class=\"more-link\" href=\"https:\/\/sylvainclement.fr\/?page_id=108\">Continue Reading &rarr;<\/a><\/p>\n","protected":false},"author":1,"featured_media":0,"parent":0,"menu_order":0,"comment_status":"closed","ping_status":"closed","template":"","meta":[],"_links":{"self":[{"href":"https:\/\/sylvainclement.fr\/index.php?rest_route=\/wp\/v2\/pages\/108"}],"collection":[{"href":"https:\/\/sylvainclement.fr\/index.php?rest_route=\/wp\/v2\/pages"}],"about":[{"href":"https:\/\/sylvainclement.fr\/index.php?rest_route=\/wp\/v2\/types\/page"}],"author":[{"embeddable":true,"href":"https:\/\/sylvainclement.fr\/index.php?rest_route=\/wp\/v2\/users\/1"}],"replies":[{"embeddable":true,"href":"https:\/\/sylvainclement.fr\/index.php?rest_route=%2Fwp%2Fv2%2Fcomments&post=108"}],"version-history":[{"count":3,"href":"https:\/\/sylvainclement.fr\/index.php?rest_route=\/wp\/v2\/pages\/108\/revisions"}],"predecessor-version":[{"id":177,"href":"https:\/\/sylvainclement.fr\/index.php?rest_route=\/wp\/v2\/pages\/108\/revisions\/177"}],"wp:attachment":[{"href":"https:\/\/sylvainclement.fr\/index.php?rest_route=%2Fwp%2Fv2%2Fmedia&parent=108"}],"curies":[{"name":"wp","href":"https:\/\/api.w.org\/{rel}","templated":true}]}}