{"id":178,"date":"2018-11-06T17:51:52","date_gmt":"2018-11-06T16:51:52","guid":{"rendered":"http:\/\/sylvainclement.fr\/?page_id=178"},"modified":"2018-11-06T23:11:51","modified_gmt":"2018-11-06T22:11:51","slug":"kayak-sur-le-www","status":"publish","type":"page","link":"https:\/\/sylvainclement.fr\/?page_id=178","title":{"rendered":"Kayak sur le www"},"content":{"rendered":"\n<p>Vous trouverez ci-dessous une s\u00e9lection de liens sur le kayak et en particulier le kayak de mer.<\/p>\n\n\n\n<h2 class=\"wp-block-heading\">Sites<\/h2>\n\n\n\n<p><a href=\"http:\/\/www.ckmer.org\" target=\"_blank\" rel=\"noreferrer noopener\">CK\/Mer<\/a> : le site de l&rsquo;association CK\/Mer qui anime un r\u00e9seau de kayakiste de mer. Le site un peu aust\u00e8re abrite pourtant pas mal de ressources et lien sur les questions de pratique, d&rsquo;\u00e9quipements et de s\u00e9curit\u00e9.<\/p>\n\n\n\n<p><a href=\"https:\/\/paddling.com\" target=\"_blank\" rel=\"noreferrer noopener\">Paddling.com<\/a> : un site commer\u00e7ant mais qui int\u00e8gre de nombreuses ressources (en anglais) pour l&rsquo;apprentissage des sports de pagaie.<\/p>\n\n\n\n<p><a rel=\"noreferrer noopener\" href=\"https:\/\/www.kayakpaddling.net\/fr\/\" target=\"_blank\">Kayak Paddling<\/a> : Un site en or pour les d\u00e9butants !\u00a0 Toutes les techniques de bases du kayak sont pr\u00e9sent\u00e9es avec les gestes compl\u00e8tement d\u00e9compos\u00e9es dans de superbes animations.\u00a0<\/p>\n\n\n\n<p><a rel=\"noreferrer noopener\" aria-label=\"Qajaq USA :\u00a0 (opens in a new tab)\" href=\"http:\/\/www.qajaqusa.org\" target=\"_blank\">Qajaq USA<\/a> : Site de l&rsquo;association am\u00e9ricaine de Kayak groenlandais. D&rsquo;excellents articles et vid\u00e9o sur la technique de pagayage avec les pagaie traditionnelle (greenland paddles).<\/p>\n\n\n\n<p><\/p>\n\n\n\n<h2 class=\"wp-block-heading\">Forums<\/h2>\n\n\n\n<p><a href=\"https:\/\/kayakistesdemer.org\" target=\"_blank\" rel=\"noreferrer noopener\">Kayakistes de mer<\/a> : forum francophone sur le kayak de mer qui est actuellement le plus actif. Des contacts pour naviguer, de la technique, des conseils parfois contradictoires tant ils d\u00e9pendent des pratiques des diff\u00e9rents intervenants.<\/p>\n\n\n\n<p><a href=\"http:\/\/www.forum-kayak.fr\/index.php?wwwRedirect\" target=\"_blank\" rel=\"noreferrer noopener\">forum-kayak<\/a> : forum francophone g\u00e9n\u00e9raliste sur le kayak. Pas mal de pratiquants eau-vive mais aussi rando\/mer.<\/p>\n\n\n\n<p><a href=\"http:\/\/www.kayakdemer.net\" target=\"_blank\" rel=\"noreferrer noopener\">Kayak de mer dans le nouveau monde<\/a> : site canadien de kayak de mer disposant d&rsquo;un forum avec de bonnes contributions techniques.<\/p>\n\n\n\n<p><\/p>\n\n\n\n<h2 class=\"wp-block-heading\">Blogs<\/h2>\n\n\n\n<p><a href=\"https:\/\/www.randokayak.com\" target=\"_blank\" rel=\"noreferrer noopener\">Le blog de Jef<\/a> de randonn\u00e9e en kayak de mer : un blog que je lit toujours avec plaisir. Jef y r\u00e9dige des articles techniques comme des r\u00e9cits de sorties\/randos. A la lecture de son blog on peu suivre ses progr\u00e8s. Un des blogs qui m&rsquo;a vaiment donn\u00e9 envie de faire du kayak de mer et qui m&rsquo;a fait dire \u00ab\u00a0C&rsquo;est possible\u00a0\u00bb.<\/p>\n\n\n\n<p><a href=\"http:\/\/www.randonnees-kayak.fr\" target=\"_blank\" rel=\"noreferrer noopener\">Les balades de Yanike<\/a> : l&rsquo;auteur nous fait le r\u00e9cit de ces sorties (essentielement bretonne). Le blog pr\u00e9sente aussi quelques vid\u00e9os.<\/p>\n\n\n\n<p><a href=\"http:\/\/www.randonnees-kayak.fr\" target=\"_blank\" rel=\"noreferrer noopener\">Sea Kayak Life<\/a> : Blog de Mark Roberts d\u00e9but\u00e9 en 2017. Peu d&rsquo;articles \u00e0 ce jour mais \u00e0 chaque fois un d\u00e9lice \u00e0 la lecture et un r\u00e9gal pour les yeux.&nbsp;<\/p>\n\n\n\n<p><a href=\"http:\/\/photokayaker.fit2paddle.com\" target=\"_blank\" rel=\"noreferrer noopener\">Paddling with a Camera<\/a> : blog d&rsquo;un am\u00e9ricain qui se balade en kayak (rivi\u00e8res et lacs) avec son matos photo&#8230; Et il en sort des images \u00e0 tomber par terre. On en prend plein les yeux&nbsp; ! Certains de ses articles sont des r\u00e9flexions\/conseils sur la mani\u00e8re de prendre les photos en kayak (conseils de cadrage, de lumi\u00e8re etc&#8230;)<\/p>\n\n\n\n<p><a href=\"https:\/\/www.paddlinglight.com\" target=\"_blank\" rel=\"noreferrer noopener\">Paddling light<\/a> : Voyager l\u00e9ger en cano\u00eb (canadien) ou en Kayak. De nombreux articles pr\u00e9sentant du mat\u00e9riel pour l&rsquo;itin\u00e9rance l\u00e9g\u00e8re. Il y a aussi des r\u00e9cits de voyages interessants.<\/p>\n\n\n\n<p><a href=\"http:\/\/curiosity.kayak.blog.free.fr\" target=\"_blank\" rel=\"noreferrer noopener\">Curiosity.kayak<\/a> : Les aventures de Chritophe Bonnin et son \u00ab\u00a0Curiosity\u00a0\u00bb (un RTM discovery). Nombreux r\u00e9cits de sorties dont beaucoup en sur les c\u00f4tes charentaises. Les articles sont agr\u00e9ment\u00e9s de nombreuses photos et souvent d&rsquo;un montage vid\u00e9o.<\/p>\n\n\n\n<p><\/p>\n\n\n\n<p><\/p>\n","protected":false},"excerpt":{"rendered":"<p>Vous trouverez ci-dessous une s\u00e9lection de liens sur le kayak et en particulier le kayak de mer. Sites CK\/Mer : le site de l&rsquo;association CK\/Mer qui anime un r\u00e9seau de kayakiste de mer. Le site un peu aust\u00e8re abrite pourtant&#8230; <a class=\"more-link\" href=\"https:\/\/sylvainclement.fr\/?page_id=178\">Continue Reading &rarr;<\/a><\/p>\n","protected":false},"author":1,"featured_media":0,"parent":0,"menu_order":0,"comment_status":"closed","ping_status":"closed","template":"","meta":[],"_links":{"self":[{"href":"https:\/\/sylvainclement.fr\/index.php?rest_route=\/wp\/v2\/pages\/178"}],"collection":[{"href":"https:\/\/sylvainclement.fr\/index.php?rest_route=\/wp\/v2\/pages"}],"about":[{"href":"https:\/\/sylvainclement.fr\/index.php?rest_route=\/wp\/v2\/types\/page"}],"author":[{"embeddable":true,"href":"https:\/\/sylvainclement.fr\/index.php?rest_route=\/wp\/v2\/users\/1"}],"replies":[{"embeddable":true,"href":"https:\/\/sylvainclement.fr\/index.php?rest_route=%2Fwp%2Fv2%2Fcomments&post=178"}],"version-history":[{"count":5,"href":"https:\/\/sylvainclement.fr\/index.php?rest_route=\/wp\/v2\/pages\/178\/revisions"}],"predecessor-version":[{"id":190,"href":"https:\/\/sylvainclement.fr\/index.php?rest_route=\/wp\/v2\/pages\/178\/revisions\/190"}],"wp:attachment":[{"href":"https:\/\/sylvainclement.fr\/index.php?rest_route=%2Fwp%2Fv2%2Fmedia&parent=178"}],"curies":[{"name":"wp","href":"https:\/\/api.w.org\/{rel}","templated":true}]}}